{"id":1002,"date":"2019-02-01T13:10:40","date_gmt":"2019-02-01T11:10:40","guid":{"rendered":"https:\/\/www.goztepesoroptimist.org\/en\/?page_id=1002"},"modified":"2019-05-17T23:32:29","modified_gmt":"2019-05-17T20:32:29","slug":"joint-projects-2015-2017-period","status":"publish","type":"page","link":"https:\/\/www.goztepesoroptimist.org\/en\/joint-projects-2015-2017-period","title":{"rendered":"Joint Projects 2015 &#8211; 2017 Period"},"content":{"rendered":"<p><strong>LIFE ACADEMY FOR WOMEN &#038; GIRLS \u2013 FELT OBJECTS <\/strong><\/p>\n<p>The project aims at enabling women to acquire a skilled handcraft that would provide them with the opportunity to earn an income. Club members Y\u0131ld\u0131z Belger, Berg\u00fcn Karde\u015f and Figen \u00d6zdem volunteered to conduct training courses for producing objects from felt, programmed as weekly three hours work for four weeks. The relevant materials required for the purpose are provided through donation of \u0130NC\u0130 VAK Foundation. Municipality of Gaziemir appointed a venue for the courses and provided a group of volunteers to join. 15 women attained the courses that initiated on November 3, 2016.<\/p>\n<p><strong>THROUGH PSYCHIATRY PATIENTS\u2019 EYES \/ PHOTOGRAPHY EXHIBITION <\/strong>(Within\u00a0 the scope of \u201cThrough My Lens\u201d project)<\/p>\n<p>This project aims at enabling female psychiatric patients\u00a0to express themselves through photography to help them to lead a compatible life in society. The project is initiated in February 3, 2015 as an ongoing activity of \u201cThrough My Lens\u201d project in cooperation with the Aegean University, Faculty of Medicine Department of Psychiatry.<\/p>\n<p>G\u00f6ztepe Soroptimist Club provided cameras and the relevant materials required for the purpose. The photographs taken by the patients were eliminated by a jury of faculty members. The selected photographs were printed in large sizes by the club members. In May 27, 2015 the works were exhibited in a gallery with an openning ceremony organized by the Club. The artists who joined the cocktail event performed a mini concert as a suprise. Between 100 to 500 patients were attained.<\/p>\n","protected":false},"excerpt":{"rendered":"<p>LIFE ACADEMY FOR WOMEN &#038; GIRLS \u2013 FELT OBJECTS The project aims at enabling women to acquire a skilled handcraft that would provide them with the opportunity to earn an income. Club members Y\u0131ld\u0131z Belger, Berg\u00fcn Karde\u015f and Figen \u00d6zdem volunteered to conduct training courses for producing objects from felt, programmed as weekly three hours [&hellip;]<\/p>\n","protected":false},"author":2,"featured_media":0,"parent":0,"menu_order":0,"comment_status":"closed","ping_status":"closed","template":"","meta":{"footnotes":""},"aioseo_notices":[],"_links":{"self":[{"href":"https:\/\/www.goztepesoroptimist.org\/en\/wp-json\/wp\/v2\/pages\/1002"}],"collection":[{"href":"https:\/\/www.goztepesoroptimist.org\/en\/wp-json\/wp\/v2\/pages"}],"about":[{"href":"https:\/\/www.goztepesoroptimist.org\/en\/wp-json\/wp\/v2\/types\/page"}],"author":[{"embeddable":true,"href":"https:\/\/www.goztepesoroptimist.org\/en\/wp-json\/wp\/v2\/users\/2"}],"replies":[{"embeddable":true,"href":"https:\/\/www.goztepesoroptimist.org\/en\/wp-json\/wp\/v2\/comments?post=1002"}],"version-history":[{"count":6,"href":"https:\/\/www.goztepesoroptimist.org\/en\/wp-json\/wp\/v2\/pages\/1002\/revisions"}],"predecessor-version":[{"id":1063,"href":"https:\/\/www.goztepesoroptimist.org\/en\/wp-json\/wp\/v2\/pages\/1002\/revisions\/1063"}],"wp:attachment":[{"href":"https:\/\/www.goztepesoroptimist.org\/en\/wp-json\/wp\/v2\/media?parent=1002"}],"curies":[{"name":"wp","href":"https:\/\/api.w.org\/{rel}","templated":true}]}}