{"id":1114,"date":"2020-10-12T22:39:36","date_gmt":"2020-10-12T19:39:36","guid":{"rendered":"https:\/\/www.goztepesoroptimist.org\/en\/?page_id=1114"},"modified":"2022-01-18T19:31:03","modified_gmt":"2022-01-18T16:31:03","slug":"2019-2021-period-a","status":"publish","type":"page","link":"https:\/\/www.goztepesoroptimist.org\/en\/2019-2021-period-a","title":{"rendered":"2019 &#8211; 2021 Period (A)"},"content":{"rendered":"<p><strong>SLOVENIA TOUR AND FRIENDSHIP LINK VISIT<\/strong><br \/>\nAs the result of Club member N\u00fckhet \u0130zmiro\u011flu&#8221;s husband\u2019s contacts with the Slovenian Minister of Agriculture, a tour to Slovenia is organized with the participation of club members, between September 13-17, 2019.<\/p>\n<p>While determining the route of the tour, taking into consideration of Slovenia and Austria being neighbors, we wanted to visit our friendship link Klagenfurt Soroptimist Club in Austria to meet our Austrian sisters.<\/p>\n<p>Our trip started from Ljubljana, the capital of Slovenia. From the early hours of the morning, we enjoyed all the beauty of the city, accompanied by a sunny day. In the evening we left Ljubljana and came to the city of Ptuj to meet the members of the Ptuj Soroptimist Club for dinner. At the meeting held in a special part of the city&#8221;s most popular restaurant, the club members, including the Slovenian Minister of Agriculture, the Mayor of Ptuj, the director of the Ptuj library and the head of local administrations, welcomed us with great enthusiasm. Following the presidents&#8221; conversation before the dinner, mutual presentations about the activities of both clubs were made.<\/p>\n<p>The next day, we visited the permanent exhibition &#8220;Turqueries&#8221;, which includes paintings of portraits of peoples in various regions of the Ottoman Empire reflecting the ethnic structure, in the Ptuj Castle built in medieval period. After a short city tour, we set off for Klagenfurt to meet our Austrian sisters. After settling in our hotel, we went to the restaurant where we would have dinner with friendship link members. Few members of the host Club were able to attend this dinner, but we were mutually happy to finally get the chance to meet our Klagenfurt sisters, even though it was our friendship link for many years.<\/p>\n<p>We had the pleasure of being with Soroptimist club members in two different countries abroad in two days. Stopping at W\u00f6rthersee which looks like a paradise near Klagenfurt and then the Slovenian city of Bled with its legendary lake, the tour ended after the visit of the museum of the town of Skofia Loca, famous for its medieval architecture.<\/p>\n<p>Club members President Buket Karadeveci, Ay\u015fe Baykan, Emine Nalbantgil, Biltan Ers\u00f6z, Aysu Benlio\u011flu, Demet Kumova, N\u00fckhet Izmiro\u011flu and \u0130lknur Mateescu from \u0130zmir Soroptimist Club participated the tour. We met with the members of our former friendship link abroad as well as members of a new club in a different country.<\/p>\n<p>We hope that our visit to both the Austrian and Slovenian Soroptimist Clubs reinforces the existing fraternal and friendly relations between our countries and clubs, and creates new friendships.<\/p>\n<p><strong>INTERNATIONAL DAY OF PERSONS WITH DISABILITIES <\/strong><br \/>\nInternational Day of Persons with Disabilities was celebrated on December 3, 2019 at Hamdi Dalan Special Education and Application Center, which was selected as a pilot school to implement club activities.<br \/>\nIn addition to the preparation of refreshments by the parents, the Club served cake. The event which strengthened the acquaintance with students and parents was attended by members Aysu Benlio\u011flu, Buket Karadeveci and Demet Kumova.<\/p>\n<p><strong>NEW YEAR CELEBRATION<\/strong><br \/>\nThe club members organized a New Year party in Hamdi Dalan Special Education and Application Center in December 19, 2019. In order to make a happy start for the New Year, it was aimed to have fun with the autistics. Cakes and cookies were served.<br \/>\nShawls and berets were given as a present to each person. The members of the club, Ay\u015fe Baykan, Buket Karadeveci, Nihal Akg\u00fcn, Seher Sever, Biltan Ers\u00f6z, Demet Kumova, Aysu Benlio\u011flu, Nazl\u0131 Yola\u00e7, M\u00fcnire Kiremit\u00e7io\u011flu, Emine Nalbantgil and \u00dclken \u0130nan participated the event.<\/p>\n<p><strong>REPORT CARD CELEBRATION<\/strong><br \/>\nA city tour was organized as a report card gift to the students in the houses in E\u015frefpa\u015fa, Gediz, Bayrakl\u0131 and Karaba\u011flar with the total of 55 persons including their mothers. It was thought to be an event that will enable students and their mothers to get acquainted with Izmir and enrich their culture.<br \/>\nOn January 29, 2020, Izmir city tour started at the historical clock tower in Konak Square. The history of Izmir was explained, Ancient Agora ruins and Museum of Atat\u00fcrk in Kordon was visited. The event ended after seeing the Paper Museum after lunch. Club members Ay\u015fe Baykan, Buket Karadeveci and Demet Kumova accompanied the students and their mothers.<\/p>\n<p><strong>A DAY with SCHOLARS (Within the scope of \u201cScholarship\u201d programme)<\/strong><br \/>\nA daily trip was organized with scholars to provide an opportunity for them to participate an artistic event and to consist warm relations, in January 31, 2020. Hasan Rastgeldi exhibition at Adnan Saygun Art Center was visited. After lunch at North Pier, the movie &#8220;Bal \u00dclkesi&#8221;, which received the Sundance Best Foreign Cinema Award was watched in Karaca cinema. Club members Buket Karadeveci, Ay\u015fe Baykan, Duygu Yurtseven and Merve \u00c7elebi accompanied the scholars for this event.<\/p>\n","protected":false},"excerpt":{"rendered":"<p>SLOVENIA TOUR AND FRIENDSHIP LINK VISIT As the result of Club member N\u00fckhet \u0130zmiro\u011flu&#8221;s husband\u2019s contacts with the Slovenian Minister of Agriculture, a tour to Slovenia is organized with the participation of club members, between September 13-17, 2019. While determining the route of the tour, taking into consideration of Slovenia and Austria being neighbors, we [&hellip;]<\/p>\n","protected":false},"author":2,"featured_media":0,"parent":0,"menu_order":0,"comment_status":"closed","ping_status":"closed","template":"","meta":{"footnotes":""},"aioseo_notices":[],"_links":{"self":[{"href":"https:\/\/www.goztepesoroptimist.org\/en\/wp-json\/wp\/v2\/pages\/1114"}],"collection":[{"href":"https:\/\/www.goztepesoroptimist.org\/en\/wp-json\/wp\/v2\/pages"}],"about":[{"href":"https:\/\/www.goztepesoroptimist.org\/en\/wp-json\/wp\/v2\/types\/page"}],"author":[{"embeddable":true,"href":"https:\/\/www.goztepesoroptimist.org\/en\/wp-json\/wp\/v2\/users\/2"}],"replies":[{"embeddable":true,"href":"https:\/\/www.goztepesoroptimist.org\/en\/wp-json\/wp\/v2\/comments?post=1114"}],"version-history":[{"count":3,"href":"https:\/\/www.goztepesoroptimist.org\/en\/wp-json\/wp\/v2\/pages\/1114\/revisions"}],"predecessor-version":[{"id":1192,"href":"https:\/\/www.goztepesoroptimist.org\/en\/wp-json\/wp\/v2\/pages\/1114\/revisions\/1192"}],"wp:attachment":[{"href":"https:\/\/www.goztepesoroptimist.org\/en\/wp-json\/wp\/v2\/media?parent=1114"}],"curies":[{"name":"wp","href":"https:\/\/api.w.org\/{rel}","templated":true}]}}