{"id":1117,"date":"2020-10-12T22:41:44","date_gmt":"2020-10-12T19:41:44","guid":{"rendered":"https:\/\/www.goztepesoroptimist.org\/en\/?page_id=1117"},"modified":"2020-10-20T21:03:50","modified_gmt":"2020-10-20T18:03:50","slug":"joint-activities-2019-2021-period","status":"publish","type":"page","link":"https:\/\/www.goztepesoroptimist.org\/en\/joint-activities-2019-2021-period","title":{"rendered":"Joint Activities 2019 &#8211; 2021 Period"},"content":{"rendered":"<p><strong>ART IN BULDAN<\/strong><br \/>\nTurkish Union initiated the &#8220;Art is in Buldan&#8221; project on October 11-13, 2019.<br \/>\nThe aim of the project was determined as supporting the production of hand weaving looms of the region, famous for its weaving. Considering the importance of health care, emphasis on the use of cotton, silk and linen fabrics made from organic fibers in clothing was encouraged.<\/p>\n<p>During the event within the scope of a festival, workshops were held in different branches of art as well as weaving. Other branches of art included marbling design, wood printing, felt and ceramic designs, artistic photography, oil painting and fabric patterning. Members from various clubs had the opportunity to exhibit their art by participating in this event. Y\u0131ld\u0131z Belger, G\u00fcne\u015f Aky\u0131ld\u0131z and Figen \u00d6zdem from G\u00f6ztepe Club contributed with their ceramic works. Club members Lale Ersin, Berg\u00fcn Karde\u015f, N\u00fckhet \u0130zmiro\u011flu, Buket Karadeveci, Nesrin Pi\u015fkiner, G\u00fcl G\u00fcrses, Zeynep Edes, Nazl\u0131 Yola\u00e7 and Nihal Akg\u00fcnl\u00fc attended the event, celebrated as an art festival, for support.<\/p>\n<p><strong>VISIT TO ANITKAB\u0130R<\/strong><br \/>\nA visit to Atat\u00fcrk Mausoleum (An\u0131tkabir) was organized by the Turkish Union on November 2, 2019. Our members N\u00fckhet \u0130zmiro\u011flu and Nazl\u0131 Yola\u00e7 went to Ankara for the day to join the Soroptimists. All the participants gathered together for the wreath-laying ceremony at An\u0131tkabir and after the ceremony An\u0131tkabir Museum was visited. After lunch, Atat\u00fcrk Community Education Center where the exhibition of the products prepared in the courses was visited and shopping was done. The last visit of the day was Pembe K\u00f6\u015fk (Pink Pavilion). \u0130smet \u0130n\u00f6n\u00fc&#8221;s daughter, Mrs. \u00d6zden Toker, shared her memories with the great hero \u0130n\u00f6n\u00fc and the great leader Atat\u00fcrk.<\/p>\n","protected":false},"excerpt":{"rendered":"<p>ART IN BULDAN Turkish Union initiated the &#8220;Art is in Buldan&#8221; project on October 11-13, 2019. The aim of the project was determined as supporting the production of hand weaving looms of the region, famous for its weaving. Considering the importance of health care, emphasis on the use of cotton, silk and linen fabrics made [&hellip;]<\/p>\n","protected":false},"author":2,"featured_media":0,"parent":0,"menu_order":0,"comment_status":"closed","ping_status":"closed","template":"","meta":{"footnotes":""},"aioseo_notices":[],"_links":{"self":[{"href":"https:\/\/www.goztepesoroptimist.org\/en\/wp-json\/wp\/v2\/pages\/1117"}],"collection":[{"href":"https:\/\/www.goztepesoroptimist.org\/en\/wp-json\/wp\/v2\/pages"}],"about":[{"href":"https:\/\/www.goztepesoroptimist.org\/en\/wp-json\/wp\/v2\/types\/page"}],"author":[{"embeddable":true,"href":"https:\/\/www.goztepesoroptimist.org\/en\/wp-json\/wp\/v2\/users\/2"}],"replies":[{"embeddable":true,"href":"https:\/\/www.goztepesoroptimist.org\/en\/wp-json\/wp\/v2\/comments?post=1117"}],"version-history":[{"count":4,"href":"https:\/\/www.goztepesoroptimist.org\/en\/wp-json\/wp\/v2\/pages\/1117\/revisions"}],"predecessor-version":[{"id":1143,"href":"https:\/\/www.goztepesoroptimist.org\/en\/wp-json\/wp\/v2\/pages\/1117\/revisions\/1143"}],"wp:attachment":[{"href":"https:\/\/www.goztepesoroptimist.org\/en\/wp-json\/wp\/v2\/media?parent=1117"}],"curies":[{"name":"wp","href":"https:\/\/api.w.org\/{rel}","templated":true}]}}