{"id":1193,"date":"2022-02-05T12:07:26","date_gmt":"2022-02-05T09:07:26","guid":{"rendered":"https:\/\/www.goztepesoroptimist.org\/en\/?page_id=1193"},"modified":"2023-12-18T21:55:54","modified_gmt":"2023-12-18T18:55:54","slug":"presidents-message-2021-2023","status":"publish","type":"page","link":"https:\/\/www.goztepesoroptimist.org\/en\/presidents-message-2021-2023","title":{"rendered":"President&#8221;s Message"},"content":{"rendered":"\n<p><\/p>\n\n\n\n<p>Soroptimism started with the establishment of the first club in Oakland, USA, on October 3, 1923. Today, Soroptimists, members of Soroptimist International a global volunteer movement, work together within a network of around 66,000 club members in 118 countries\u00a0to\u00a0achieve gender equality,<strong>development, peace and to empower\u00a0<\/strong>and\u00a0<strong>enable opportunities for women and girls. <\/strong>The organization has representatives in the United Nations and holds consultative status.<\/p>\n\n\n\n<p>Soroptimist International of Europe also holds general consultative status at the United Nations\u2019 Economic and Social Council (ECOSOC), participatory status at the Council of Europe and the European Women\u2019s Lobby and to contribute to the work of the Organization for Security and Co-operation in Europe (OSCE). These representations are an important indicator that this powerful women&#8221;s organization has a very effective role in advocating the women&#8221;s rights.<\/p>\n\n\n\n<p>Our Great Leader Mustafa Kemal ATAT\u00dcRK&#8221;s statement &#8220;everything we see around the world is the work of women&#8221; is a torch for us. We are aware of our value as women and what we can achieve.<\/p>\n\n\n\n<p>The first Turkish Soroptimist Club was established 75 years ago.We celebrated the 47th anniversary of G\u00f6ztepe Club on October 23, 2023. We wish to celebrate many more anniversaries together accomplishing many productive works.<\/p>\n\n\n\n<p>It is a great privilege to be able to live in this large-scale friendship universe consisting of women who embrace the ideals of Soroptimism, work diligently for these ideals, and have ethical values. We are grateful to the women all over the world who have contributed to Soroptimism. But first of all, we respectfully commemorate the Founding President of the first Turkish club M\u00fcfide Ferit Tek, who enabled opportunity for the Turkish women to become Soroptimists, founding members and all Soroptimists who have passed away.<\/p>\n\n\n\n<p>We would like to express our endless gratitude to our Club&#8221;s Founding President Ahsen \u00d6nder and our Founding Members Berg\u00fcn Karde\u015f, Ayten Teki\u015falp, Emine Nalbantgil, who have been with us for 47 years. Being as role models they are still active members spreading synergy with their contributions. We also would like to express our gratitude to all our members who have worked hard since the establishment.<\/p>\n\n\n\n<p>Soroptimism friendship becomes an indispensable value for the woman who once feels it deep inside her heart. We are pleased and honored to be a part of this. Soroptimism will continue to exist for many years by flourishing these feelings to future generations.<\/p>\n\n\n\n<p>We are announcing all together the Union President\u2019s appeal;<\/p>\n\n\n\n<p>PURSUING LIGHT, WE ARE WALKING TOWARD THE FUTURE!<\/p>\n\n\n\n<p>Nazl\u0131 Yola\u00e7<\/p>\n\n\n\n<p>President 2023 \u2013 2025<\/p>\n\n\n\n<p><\/p>\n\n\n\n<p><\/p>\n\n\n\n<p><\/p>\n\n\n\n<p><\/p>\n\n\n\n<p><\/p>\n\n\n\n<p><\/p>\n\n\n\n<p> <\/p>\n\n\n\n<p><\/p>\n\n\n\n<p><\/p>\n\n\n\n<p><\/p>\n\n\n\n<p><\/p>\n\n\n\n<p><\/p>\n\n\n\n<p><\/p>\n\n\n\n<p> <\/p>\n\n\n\n<p><\/p>\n\n\n\n<p><\/p>\n\n\n\n<p><\/p>\n\n\n\n<p><\/p>\n","protected":false},"excerpt":{"rendered":"<p>Soroptimism started with the establishment of the first club in Oakland, USA, on October 3, 1923. Today, Soroptimists, members of Soroptimist International a global volunteer movement, work together within a network of around 66,000 club members in 118 countries\u00a0to\u00a0achieve gender equality,development, peace and to empower\u00a0and\u00a0enable opportunities for women and girls. The organization has representatives in [&hellip;]<\/p>\n","protected":false},"author":2,"featured_media":0,"parent":0,"menu_order":0,"comment_status":"closed","ping_status":"closed","template":"","meta":{"footnotes":""},"aioseo_notices":[],"_links":{"self":[{"href":"https:\/\/www.goztepesoroptimist.org\/en\/wp-json\/wp\/v2\/pages\/1193"}],"collection":[{"href":"https:\/\/www.goztepesoroptimist.org\/en\/wp-json\/wp\/v2\/pages"}],"about":[{"href":"https:\/\/www.goztepesoroptimist.org\/en\/wp-json\/wp\/v2\/types\/page"}],"author":[{"embeddable":true,"href":"https:\/\/www.goztepesoroptimist.org\/en\/wp-json\/wp\/v2\/users\/2"}],"replies":[{"embeddable":true,"href":"https:\/\/www.goztepesoroptimist.org\/en\/wp-json\/wp\/v2\/comments?post=1193"}],"version-history":[{"count":7,"href":"https:\/\/www.goztepesoroptimist.org\/en\/wp-json\/wp\/v2\/pages\/1193\/revisions"}],"predecessor-version":[{"id":1414,"href":"https:\/\/www.goztepesoroptimist.org\/en\/wp-json\/wp\/v2\/pages\/1193\/revisions\/1414"}],"wp:attachment":[{"href":"https:\/\/www.goztepesoroptimist.org\/en\/wp-json\/wp\/v2\/media?parent=1193"}],"curies":[{"name":"wp","href":"https:\/\/api.w.org\/{rel}","templated":true}]}}