{"id":1202,"date":"2022-02-05T15:37:40","date_gmt":"2022-02-05T12:37:40","guid":{"rendered":"https:\/\/www.goztepesoroptimist.org\/en\/?page_id=1202"},"modified":"2023-05-06T18:49:41","modified_gmt":"2023-05-06T15:49:41","slug":"2021-2023-period-a","status":"publish","type":"page","link":"https:\/\/www.goztepesoroptimist.org\/en\/2021-2023-period-a","title":{"rendered":"2021 &#8211; 2023 Period (A)"},"content":{"rendered":"\n<p><strong>MEETING with SCHOLARS and MUSEUM VISIT<\/strong><\/p>\n\n\n\n<p>We met with seven scholarship recipients of our club on October 10, 2021 at Kordon Hotel. We had lunch and allowed each youngster to introduce herself with emphasis on her personal interests. All of them except one had joined the group this year and all were university students except one that attended the conservatory.<\/p>\n\n\n\n<p>After lunch, we toured Arkas Art Center which hosted \u201cNature Gardens and Dreams\u201d exhibition with a tour guide. The students had a chance to ask questions about the pictures that interested them and their era.<\/p>\n\n\n\n<p>President Zeynep Edes accompanied the Scholarship Committee President Beg\u00fcm Hunt\u00fcrk and the Assistant Program Director \u00d6zge Y\u0131lmaz at this event.<\/p>\n\n\n\n<p><\/p>\n\n\n\n<p><\/p>\n\n\n\n<p><strong>BREATHING TECHNIQUES for SCHOLARS&nbsp;&nbsp;&nbsp;&nbsp;&nbsp;&nbsp;&nbsp;&nbsp;&nbsp;&nbsp;&nbsp;&nbsp;&nbsp;&nbsp;&nbsp;&nbsp;&nbsp;&nbsp;&nbsp;&nbsp;&nbsp;&nbsp;&nbsp;&nbsp;&nbsp;&nbsp;&nbsp;&nbsp;&nbsp;&nbsp;&nbsp;&nbsp;&nbsp;&nbsp;&nbsp;&nbsp;&nbsp;<\/strong><\/p>\n\n\n\n<p>We planned a gathering with our scholars at our club member Beg\u00fcm Hunt\u00fcrk\u2019s office on December 18, 2021. At the meeting, Breath Coach Sayra Yava\u015f delivered breathing techniques to our scholars. It was a workshop where she explained and applied stress relieving and meditative breathing techniques. Scholars stated that they were very pleased to be informed about this issue and that they benefited greatly.<\/p>\n\n\n\n<p>President Zeynep Edes, members Ay\u015fe Baykan, Beg\u00fcm Hunt\u00fcrk and scholars Ozan Kara, Kemal Yal\u00e7\u0131n, Harun Ak\u00e7aya, Damla K\u0131z\u0131lg\u00f6z, \u015eerife Akg\u00fcl, Ezgi Nak\u0131\u015f, Sena Dal and Zeynep K\u0131ymaz attended the event.<\/p>\n\n\n\n<p><\/p>\n\n\n\n<p><strong>NEW YEAR&#8221;S BAZAAR<\/strong><\/p>\n\n\n\n<p>On behalf of the club, we participated in the Traditional New Year&#8221;s Bazaar organized for the benefit of students at IYTE (Izmir Institute of Technology) on December 26, 2021. Various items with low prices were provided so, support was given to the students with limited budgets. Club members Ay\u015fe Baykan, Duygu Yurtseven, Merve \u00c7elebi and Nazl\u0131 Yola\u00e7 volunteered to help the sales at the bazaar. Other members who could not attend the bazaar, provided items and gave financial support.<\/p>\n\n\n\n<p><\/p>\n\n\n\n<p><strong>NEW YEAR\u2019S VISIT <\/strong><\/p>\n\n\n\n<p>A New Year&#8221;s visit was made to Hamdi Dalan Special Education and Application Center&nbsp;on December, 30 2021. We were invited to the green house at the venue and were informed about the vegetables and ornamental plants produced by the students. Sales of the products are contributed to the school budget. The members of the club, Aysu Benlio\u011flu,&nbsp; Ay\u015fe Baykan, Buket Karadeveci, Nazl\u0131 Yola\u00e7 and Zeynep Edes were the visitors.<\/p>\n\n\n\n<p><\/p>\n\n\n\n<p><strong>LIBRARY SUPPORT<\/strong><\/p>\n\n\n\n<p>Within the scope of the Turkish Union\u2019s library support project, our club has donated books to the library of Bal\u0131kesir-G\u00f6nen <strong>\u00d6\u011fretmenim<\/strong> <strong>Secondary School<\/strong>&nbsp; as contribution for the enlightenment of youngsters.&nbsp;<\/p>\n\n\n\n<p>Our club also donated books to <strong>G\u00fcne\u015fli Secondary School<\/strong> in Mu\u011fla, Seydikemer district. &nbsp;Ceren Y\u0131lmazer &nbsp;whom we supported within the scope of Turkish Union\u2019s Teacher Support Workshop project is a teacher in this school.<\/p>\n\n\n\n<p><\/p>\n\n\n\n<p><strong>SPRING FESTIVAL<\/strong><\/p>\n\n\n\n<p>Traditional Spring Festival was held on April 25, 2022 at Alsancak K\u00fc\u00e7\u00fck Kul\u00fcp. Handicraft group of the club started the work shops for the products months ago. Alluring products were exhibited at the event and were offered for sale. The women of Gediz House, the target group of our &#8220;Crochet and Knitting Needle Training&#8221; project, also offered for sale the products they produced throughout the year.<\/p>\n\n\n\n<p>Club member G\u00fclnur Vural undertook the organization of the event, which attracted great interest and high participation.<strong> <\/strong>Solidarity within the club was displayed, good teamwork was done and income was obtained.<\/p>\n\n\n\n<p><strong>NURSERY DONATION<\/strong><\/p>\n\n\n\n<p>Toys and educational materials were provided and delivered to the kindergarten of&nbsp;\u015eakran Women&#8221;s Prison for the prisoner\u2019s children in May 2022.<\/p>\n\n\n\n<p><strong>EARTHQUAKE SUPPORT<\/strong><\/p>\n\n\n\n<p>Erg\u00fcn Canpolat, a scholar of our club and his family\u2019s house in Do\u011fan\u015fehir district of Malatya was damaged in the earthquake disaster and they became homeless. Due to the fact that the Red Crescent tent given to them was unstable and soaked by water, the club decided to buy a durable tent for the family. A water-resistant tent was provided from Efes Tent Company with the contributions of our members and delivered to the venue in March 2023.<\/p>\n","protected":false},"excerpt":{"rendered":"<p>MEETING with SCHOLARS and MUSEUM VISIT We met with seven scholarship recipients of our club on October 10, 2021 at Kordon Hotel. We had lunch and allowed each youngster to introduce herself with emphasis on her personal interests. All of them except one had joined the group this year and all were university students except [&hellip;]<\/p>\n","protected":false},"author":2,"featured_media":0,"parent":0,"menu_order":0,"comment_status":"closed","ping_status":"closed","template":"","meta":{"footnotes":""},"aioseo_notices":[],"_links":{"self":[{"href":"https:\/\/www.goztepesoroptimist.org\/en\/wp-json\/wp\/v2\/pages\/1202"}],"collection":[{"href":"https:\/\/www.goztepesoroptimist.org\/en\/wp-json\/wp\/v2\/pages"}],"about":[{"href":"https:\/\/www.goztepesoroptimist.org\/en\/wp-json\/wp\/v2\/types\/page"}],"author":[{"embeddable":true,"href":"https:\/\/www.goztepesoroptimist.org\/en\/wp-json\/wp\/v2\/users\/2"}],"replies":[{"embeddable":true,"href":"https:\/\/www.goztepesoroptimist.org\/en\/wp-json\/wp\/v2\/comments?post=1202"}],"version-history":[{"count":12,"href":"https:\/\/www.goztepesoroptimist.org\/en\/wp-json\/wp\/v2\/pages\/1202\/revisions"}],"predecessor-version":[{"id":1359,"href":"https:\/\/www.goztepesoroptimist.org\/en\/wp-json\/wp\/v2\/pages\/1202\/revisions\/1359"}],"wp:attachment":[{"href":"https:\/\/www.goztepesoroptimist.org\/en\/wp-json\/wp\/v2\/media?parent=1202"}],"curies":[{"name":"wp","href":"https:\/\/api.w.org\/{rel}","templated":true}]}}