{"id":1213,"date":"2022-02-05T16:12:12","date_gmt":"2022-02-05T13:12:12","guid":{"rendered":"https:\/\/www.goztepesoroptimist.org\/en\/?page_id=1213"},"modified":"2022-11-20T22:08:46","modified_gmt":"2022-11-20T19:08:46","slug":"joint-projects-2021-2023-period","status":"publish","type":"page","link":"https:\/\/www.goztepesoroptimist.org\/en\/joint-projects-2021-2023-period","title":{"rendered":"Joint Projects 2021 &#8211; 2023 Period"},"content":{"rendered":"\n<p><strong>TEACHER SUPPORT WORKSHOP<\/strong><\/p>\n\n\n\n<p>The training activities of the Teacher Support Workshop, carried out with the support of the Clubs as Turkish Union project, started with online training on January 9, 2022 under the coordination of the EK\u0130P platform, following the first face-to-face training program held in Ankara in December 2021.<\/p>\n\n\n\n<p>These trainings for teachers, in which different teaching methods are explained and practical studies done, will be held online until June. The project will end with a face-to-face evaluation meeting in June. Ceren Y\u0131lmazer, who is a teacher of mathematics in Mu\u011fla, receives this training with the recommendation of G\u00f6ztepe Soroptimist Club.<\/p>\n\n\n\n<p><\/p>\n\n\n\n<p><strong>YOUTH CAMP<\/strong><\/p>\n\n\n\n<p>A Youth Camp, to strengthen and support the individual development and education of the scholars was organized by the Turkish Union in \u00c7e\u015fme \u015eifne Thermal Hotel during 12 to 17 September, 2022. 22 students and 22 instructors attended the camp.<\/p>\n\n\n\n<p>Our club members took active part in the program.<\/p>\n\n\n\n<p>Benal \u0130nceer provided very useful information on \u201cClose Relations\/Intense Emotions, Behavior Change Therapy\u201d every afternoon during the entire program. Nazl\u0131 Yola\u00e7 delivered a speech under the title &#8220;Why do We Need Law&#8221; within the scope of the &#8220;Easily&#8221; project moderated by G\u00fcl \u00dcst\u00fcn, a member of the Etiler Club. \u015eerife Eren shared her &#8220;Success Story&#8221; of her professional life experiences as a role model. President Zeynep Edes was present during the event \u00a0as the club representative. Berg\u00fcn Karde\u015f, Duygu Yurtseven, Merve \u00c7elebi, Ay\u015fe Baykan, \u00d6zge Erdo\u011fan and Seval Yarkan supported the project by attending the event on certain days.<\/p>\n\n\n\n<p>Scholars were entertained with various activities besides studies. Meticulously selected topics and activities, both in terms of content and social program were a factor in the success of the camp.<\/p>\n\n\n\n<p><strong>EASILY<\/strong><\/p>\n\n\n\n<p>Turkish Union&#8221;s EASILY project aims to increase the legal literacy of underprivileged women in different provinces of Turkey, to support their access to justice by explaining judicial aid and support routes, encourage the exercise of legal rights &nbsp;through a social media campaign and craft based playful education. With this project, it is aimed to contribute to the prevention of active and passive violations of women&#8221;s rights in Turkey.<\/p>\n\n\n\n<p>In this perspective, face-to-face interactive trainings were planned with 726 women with limited opportunities, through clubs and community training centers within Turkish Union.<\/p>\n\n\n\n<p>Each club made various practices in its own province. G\u00f6ztepe Club&#8221;s application area for the project was Gediz House mothers. The project, which was planned as four sessions, started on September 29, 2022 and ended on October 18, 2022 and reached 26 women. While our lawyer members delivered information in the sessions, Benal \u0130nceer acted as moderator, Beg\u00fcm Hunt\u00fcrk, Merve \u00c7elebi and Ay\u015feg\u00fcl K\u0131\u015flal acted as coordinators.<\/p>\n\n\n\n<p>In September 29 session, Nazl\u0131 Yola\u00e7 lectured on \u201cWhy do we need law\u201d and again Nazl\u0131 Yola\u00e7 on &#8220;Gender Based Violence&#8221; in October 11. \u00d6zge Erdo\u011fan lectured on \u201cFamily Law\u201d in October 12. \u0130nci Menemencio\u011flu lectured on \u201cWomen&#8221;s Economic Rights\u201d in October 18.<\/p>\n\n\n\n<p>Sessions started at 14.00 and lasted for an hour or an hour and a half. Tea, coffee, soft drinks, pies, muffins, cookies, etc. was served in order to create a warm educational environment where women can express themselves comfortably. Gifts as reminders was distrubuted at the end of each session and had a raffle for the day&#8221;s winner.<\/p>\n\n\n\n<p>In each session, different handcraft works were carried out to make them feel more equal and more comfortable, considering that it would serve as an icebreaker to decrease the gap of status between the participants and ourselves.<\/p>\n\n\n\n<p>The first session\u2019s activity was threading necklaces of 99 beads of red, green and orange colors, representing our lives as \u201cOur Life in Beads\u201d theme; green for joyful and happy days, orange for ordinary days, red for hard or sorrowful days and finally a big bead for future expectations. These necklaces visualized the participating women\u2019s lives in beads.<\/p>\n\n\n\n<p>The second session\u2019s activity was embroided&nbsp; fabrics named as \u201cFabric of Life\u201d. Fabrics with 25 tiny squares were distributed and women were expected to embroider what they felt within 24 hours. The women expressed how safe they feel within relationships with the colors they embroidered; atmosphere based on equality and respect, communicant and shared, with green; nonviolent relationships, with orange; relationships with less love but more control and violence, with red threads. Hope for the future was expressed on the 25th square.<\/p>\n\n\n\n<p>In the third session of the handcraft work, a blanket named as \u201cWhen the Loops Unravel\u201d was created, by which the women conveyed their thoughts on divorce and alimony. Narration and handwork progressed simultaneously through training. Felt in green, orange and red colors, shining buttons, knitting thread, crochet hooks, needles and thread were distributed to the participants. They were asked to express their thoughts about divorce, if positive or negative, with felts in green, orange and red. They expressed the effect of women&#8221;s economic freedom on divorce by sewing different colored buttons on felt, reflecting ideas such as yes\/no\/I don&#8221;t know. They expressed their thoughts on alimony and family property by crocheting different colors of yarn around the felt, each symbolizing a different thought.<\/p>\n\n\n\n<p>In the fourth session, women were asked to complete a calendar titled \u201cA Diary of Livelihood\u201d that emphasized their economic rights. On an imaginary 30-day calendar, they marked with pastel pencils and black and white stamps both their livelihoods and their work days and unpaid housework days. They painted the days they felt comfortable and secure in green, insecure and with trouble in red, average days in orange. They marked the paid days with white stamps and the days of unpaid housework with black stamps.<\/p>\n\n\n\n<p>The coordinators were in charge of organizing the session venues, arranging the necessary materials and tools given to each participant, getting ready the refreshments and documenting the sessions with photographs and videos.<\/p>\n\n\n\n<p>The project, which we applied in Gediz House, was also carried out with Aegean Adult Education Center in \u0130zmir (EgeTEM) with the cooperation of 5 clubs of \u0130zmir, reaching a total of 68 women in Buca Municipality Cemal Yetkiner Culture and Art House.<\/p>\n","protected":false},"excerpt":{"rendered":"<p>TEACHER SUPPORT WORKSHOP The training activities of the Teacher Support Workshop, carried out with the support of the Clubs as Turkish Union project, started with online training on January 9, 2022 under the coordination of the EK\u0130P platform, following the first face-to-face training program held in Ankara in December 2021. These trainings for teachers, in [&hellip;]<\/p>\n","protected":false},"author":2,"featured_media":0,"parent":0,"menu_order":0,"comment_status":"closed","ping_status":"closed","template":"","meta":{"footnotes":""},"aioseo_notices":[],"_links":{"self":[{"href":"https:\/\/www.goztepesoroptimist.org\/en\/wp-json\/wp\/v2\/pages\/1213"}],"collection":[{"href":"https:\/\/www.goztepesoroptimist.org\/en\/wp-json\/wp\/v2\/pages"}],"about":[{"href":"https:\/\/www.goztepesoroptimist.org\/en\/wp-json\/wp\/v2\/types\/page"}],"author":[{"embeddable":true,"href":"https:\/\/www.goztepesoroptimist.org\/en\/wp-json\/wp\/v2\/users\/2"}],"replies":[{"embeddable":true,"href":"https:\/\/www.goztepesoroptimist.org\/en\/wp-json\/wp\/v2\/comments?post=1213"}],"version-history":[{"count":7,"href":"https:\/\/www.goztepesoroptimist.org\/en\/wp-json\/wp\/v2\/pages\/1213\/revisions"}],"predecessor-version":[{"id":1338,"href":"https:\/\/www.goztepesoroptimist.org\/en\/wp-json\/wp\/v2\/pages\/1213\/revisions\/1338"}],"wp:attachment":[{"href":"https:\/\/www.goztepesoroptimist.org\/en\/wp-json\/wp\/v2\/media?parent=1213"}],"curies":[{"name":"wp","href":"https:\/\/api.w.org\/{rel}","templated":true}]}}