{"id":1370,"date":"2023-11-03T20:56:59","date_gmt":"2023-11-03T17:56:59","guid":{"rendered":"https:\/\/www.goztepesoroptimist.org\/en\/?page_id=1370"},"modified":"2025-02-10T20:45:52","modified_gmt":"2025-02-10T17:45:52","slug":"joint-projects-2023-2025-period","status":"publish","type":"page","link":"https:\/\/www.goztepesoroptimist.org\/en\/joint-projects-2023-2025-period","title":{"rendered":"Joint Projects 2023 &#8211; 2025 Period"},"content":{"rendered":"\r\n<p><strong>YOUTH AND LEADERSHIP CAMP<\/strong><\/p>\r\n\r\n\r\n\r\n<p>In order to discover and strengthen the leadership potential of young women on the path to build a bright future with belief in democracy, freedoms and Republic values, &#8220;Youth and Leadership Camp&#8221; was organized by TSKF at Fo\u00e7a Leon Hotel between September 4-9, 2023.<\/p>\r\n\r\n\r\n\r\n<p>To reveal female leaders of the future, 100 young talents on the 100th anniversary of the Republic, it was aimed to support young people to use their potential at the highest level with the program that blended education, art, leadership and solidarity.<\/p>\r\n\r\n\r\n\r\n<p>Club member G\u00fcl G\u00fcrses, as TSKF Treasurer, handled the financial affairs of the organization and attended the opening ceremony with the club member Buket Karadeveci.<\/p>\r\n\r\n\r\n\r\n<p>Different clubs of \u0130zmir was responsible for each day during the five-day program.<\/p>\r\n\r\n\r\n\r\n<p>Beg\u00fcm Hunt\u00fcrk, Merve \u00c7elebi, Lale Ersin and President Nazl\u0131 Yola\u00e7 were present on G\u00f6ztepe\u2019s responsible day. G\u00f6ztepe Club members Benal \u0130nceer, Lale Ersin and Nazl\u0131 Yola\u00e7, plus Fo\u00e7a Notary and retired Judge Sevil Tosun Karata\u015f as a volunteer contributed to the Career Day, where professional knowledge and career experiences were shared.<\/p>\r\n\r\n\r\n\r\n<p>Club member Benal \u0130nceer as an academic psychologist; Lale Ersin, about working with foreign employers; Nazl\u0131 Yola\u00e7, about public and freelance lawyers, working as a civil servant\/employer or in her own business; Fo\u00e7a Notary and retired Judge Sevil Tosun Karata\u015f, about notary and judge experiences.<\/p>\r\n\r\n\r\n\r\n<p>Benal \u0130nceer, Lale Ersin and Nazl\u0131 Yola\u00e7, who were in charge of the Career Day event were supported with the participation of G\u00fcl G\u00fcrses, G\u00fcne\u015f Aky\u0131ld\u0131z and Buket Karadeveci at the closing ceremony.<\/p>\r\n\r\n\r\n\r\n<p>Buket Karadeveci ensured the transportation without any problems of 100 young girls, each of whom attended the camp from a different province. Four club scholars benefited from the event.<\/p>\r\n\r\n\r\n\r\n<p><\/p>\r\n\r\n\r\n\r\n<p><strong>LET not GET COLD the CHILDREN in ANTAKYA\u00a0<\/strong>\u00a0\u00a0\u00a0\u00a0\u00a0\u00a0\u00a0\u00a0\u00a0\u00a0\u00a0\u00a0\u00a0\u00a0<\/p>\r\n\r\n\r\n\r\n<p>The Soroptimist Club of Antakya initiated a donation project to ensure the children going to school without being affected by cold in severe winter conditions in the Antakya region, where the great earthquake disaster occurred in February 2023, whose lives still cannot be restored to normal conditions. G\u00f6ztepe Soroptimist Club members have supported this project with a considerable individual participation. Boots and coats were purchased by the donations for 44 children and sent after the needs of many schools in the vicinity were identified and distributed to Defne G\u00fcneys\u00f6\u011f\u00fct Bedii Sabuncu Primary and Secondary School students through Antakya Soroptimist Club on December 7, 2023.<\/p>\r\n","protected":false},"excerpt":{"rendered":"<p>YOUTH AND LEADERSHIP CAMP In order to discover and strengthen the leadership potential of young women on the path to build a bright future with belief in democracy, freedoms and Republic values, &#8220;Youth and Leadership Camp&#8221; was organized by TSKF at Fo\u00e7a Leon Hotel between September 4-9, 2023. To reveal female leaders of the future, [&hellip;]<\/p>\n","protected":false},"author":2,"featured_media":0,"parent":0,"menu_order":0,"comment_status":"closed","ping_status":"closed","template":"","meta":{"footnotes":""},"aioseo_notices":[],"_links":{"self":[{"href":"https:\/\/www.goztepesoroptimist.org\/en\/wp-json\/wp\/v2\/pages\/1370"}],"collection":[{"href":"https:\/\/www.goztepesoroptimist.org\/en\/wp-json\/wp\/v2\/pages"}],"about":[{"href":"https:\/\/www.goztepesoroptimist.org\/en\/wp-json\/wp\/v2\/types\/page"}],"author":[{"embeddable":true,"href":"https:\/\/www.goztepesoroptimist.org\/en\/wp-json\/wp\/v2\/users\/2"}],"replies":[{"embeddable":true,"href":"https:\/\/www.goztepesoroptimist.org\/en\/wp-json\/wp\/v2\/comments?post=1370"}],"version-history":[{"count":3,"href":"https:\/\/www.goztepesoroptimist.org\/en\/wp-json\/wp\/v2\/pages\/1370\/revisions"}],"predecessor-version":[{"id":1459,"href":"https:\/\/www.goztepesoroptimist.org\/en\/wp-json\/wp\/v2\/pages\/1370\/revisions\/1459"}],"wp:attachment":[{"href":"https:\/\/www.goztepesoroptimist.org\/en\/wp-json\/wp\/v2\/media?parent=1370"}],"curies":[{"name":"wp","href":"https:\/\/api.w.org\/{rel}","templated":true}]}}