{"id":1385,"date":"2023-11-13T23:48:17","date_gmt":"2023-11-13T20:48:17","guid":{"rendered":"https:\/\/www.goztepesoroptimist.org\/en\/?page_id=1385"},"modified":"2025-02-10T14:22:10","modified_gmt":"2025-02-10T11:22:10","slug":"joint-activities-2023-2025-period","status":"publish","type":"page","link":"https:\/\/www.goztepesoroptimist.org\/en\/joint-activities-2023-2025-period","title":{"rendered":"Joint Activities 2023 &#8211; 2025 Period"},"content":{"rendered":"<p><strong>VISIT TO ANITKAB\u0130R<\/strong><\/p>\r\n<p>The board members of the Turkish Union, the members of other Soroptimist Clubs and the scholars were present for a moment of silence in the presence of our Atat\u00fcrk\u2019s mausoleum An\u0131tkabir on November 4, 2023, on the 100th anniversary of Republic of T\u00fcrkiye, to commemorate our Founding Leader Mustafa Kemal Atat\u00fcrk who with his thoughts far ahead of its time, ensured a new era to Turkish women by revolutions which improved the status of women. President Nazl\u0131 Yola\u00e7 and three of our scholars fulfilled this honorable duty.<\/p>\r\n<p>Two different cultural events were organized for our scholars on the same day;<\/p>\r\n<p>We visited the &#8220;Republic Museum&#8221;, which was used as the Turkish Grand National Assembly building for approximately 40 years, dated back to the founding of the Republic of T\u00fcrkiye. It was a visit where we were informed with the feeling of an atmosphere of those years.<\/p>\r\n<p>We visited Turkish Union\u2019s Ba\u015fkent Community Education Center which is located at Ankara Castle, a historical region, and saw the portrait of Atat\u00fcrk, consisting of 17 thousand small mosaic stones, designed to draw attention to the revolutions and achievements made since the declaration of the Republic. <\/p>\r\n<p><strong>VISIT TO ANITKABIR-2024<\/strong><\/p>\r\n<p>The board members of the Turkish Union, the members of other Soroptimist Clubs and the scholars were present for a moment of silence in the presence of our Atat\u00fcrk\u2019s mausoleum An\u0131tkabir on November 25, 2024, to commemorate the great leader Mustafa Kemal Atat\u00fcrk for the anniversary of his death. Club President Nazl\u0131 Yola\u00e7 and club members G\u00fcl G\u00fcrses, Merve \u00c7elebi and Ayla Co\u015fkun undertook this honorable task. Together with all Soroptimists and scholars, we experienced the feeling of being determined and faithful in protecting our values of the Republic and reaffirmed our gratitude to our great leader who provided them.<\/p>\r\n<p><strong>ORANGE the DAYS, CYBER VIOLENCE<\/strong><\/p>\r\n<p>Turkish Union\u2019s project theme \u201cSee the Symptoms of Cyber Violence, Do not Ignore, Recognize the Ways to Empower\u201d for Orange the Days was announced to the public and media with a press release on November 27, 2024, in \u0130zmir. In coordination of five \u0130zmir clubs, Nazl\u0131 Yola\u00e7, the president of our club prepared a press release and the Union President made a statement in front of the \u201cOrange Garden\u201d in Konak Square. We succeeded in raising awareness against cyber violence during orange the days by drawing the attention of the public with the participation of the media and of Soroptimists who are members of all Izmir clubs.<\/p>\r\n<p>The fact that the press release was held in front of this meaningful garden further emphasized the meaning and importance of the day. Because the Orange Garden, which was opened by Izmir Metropolitan Municipality on November 25th in 2021, was designed with orange-colored plants to commemorate the memories of women who were taken away from their lives due to male violence and with the Women&#8217;s Monument which was created by transforming into three-dimensional form the work of Croatian artist Mojmir Mihatov, who participated in the International Gender Equality Cartoon Competition organized by Izmir Metropolitan Municipality.<\/p>\r\n<p>The leaflets \u201cBe Safe from Digital Threats\u201d, prepared by SIE and translated by the Turkish Union were distributed during the event. This event attracted the attention of the public and the press and created a significant impact in our city. It was published in nine different digital newspapers and a daily newspaper.<\/p>","protected":false},"excerpt":{"rendered":"<p>VISIT TO ANITKAB\u0130R The board members of the Turkish Union, the members of other Soroptimist Clubs and the scholars were present for a moment of silence in the presence of our Atat\u00fcrk\u2019s mausoleum An\u0131tkabir on November 4, 2023, on the 100th anniversary of Republic of T\u00fcrkiye, to commemorate our Founding Leader Mustafa Kemal Atat\u00fcrk who [&hellip;]<\/p>\n","protected":false},"author":2,"featured_media":0,"parent":0,"menu_order":0,"comment_status":"closed","ping_status":"closed","template":"","meta":{"footnotes":""},"aioseo_notices":[],"_links":{"self":[{"href":"https:\/\/www.goztepesoroptimist.org\/en\/wp-json\/wp\/v2\/pages\/1385"}],"collection":[{"href":"https:\/\/www.goztepesoroptimist.org\/en\/wp-json\/wp\/v2\/pages"}],"about":[{"href":"https:\/\/www.goztepesoroptimist.org\/en\/wp-json\/wp\/v2\/types\/page"}],"author":[{"embeddable":true,"href":"https:\/\/www.goztepesoroptimist.org\/en\/wp-json\/wp\/v2\/users\/2"}],"replies":[{"embeddable":true,"href":"https:\/\/www.goztepesoroptimist.org\/en\/wp-json\/wp\/v2\/comments?post=1385"}],"version-history":[{"count":13,"href":"https:\/\/www.goztepesoroptimist.org\/en\/wp-json\/wp\/v2\/pages\/1385\/revisions"}],"predecessor-version":[{"id":1455,"href":"https:\/\/www.goztepesoroptimist.org\/en\/wp-json\/wp\/v2\/pages\/1385\/revisions\/1455"}],"wp:attachment":[{"href":"https:\/\/www.goztepesoroptimist.org\/en\/wp-json\/wp\/v2\/media?parent=1385"}],"curies":[{"name":"wp","href":"https:\/\/api.w.org\/{rel}","templated":true}]}}