{"id":58,"date":"2016-03-24T18:51:22","date_gmt":"2016-03-24T16:51:22","guid":{"rendered":"https:\/\/www.goztepesoroptimist.org\/en\/?page_id=58"},"modified":"2023-05-05T20:54:56","modified_gmt":"2023-05-05T17:54:56","slug":"stakeholders","status":"publish","type":"page","link":"https:\/\/www.goztepesoroptimist.org\/en\/stakeholders","title":{"rendered":"Stakeholders"},"content":{"rendered":"<ul>\n<li>G\u00fcndo\u011fdu Contemporary Community Volunteers Association<\/li>\n<li>Alliance of Women&#8221;s Associations of \u0130zmir<\/li>\n<li>T\u00fclay Akta\u015f Joint Forces<\/li>\n<li>\u0130zmir City Council<\/li>\n<li>Hamdi Dalan Special Education and Application Center<\/li>\n<\/ul>\n","protected":false},"excerpt":{"rendered":"<p>G\u00fcndo\u011fdu Contemporary Community Volunteers Association Alliance of Women&#8221;s Associations of \u0130zmir T\u00fclay Akta\u015f Joint Forces \u0130zmir City Council Hamdi Dalan Special Education and Application Center<\/p>\n","protected":false},"author":1,"featured_media":0,"parent":0,"menu_order":0,"comment_status":"closed","ping_status":"closed","template":"","meta":{"footnotes":""},"aioseo_notices":[],"_links":{"self":[{"href":"https:\/\/www.goztepesoroptimist.org\/en\/wp-json\/wp\/v2\/pages\/58"}],"collection":[{"href":"https:\/\/www.goztepesoroptimist.org\/en\/wp-json\/wp\/v2\/pages"}],"about":[{"href":"https:\/\/www.goztepesoroptimist.org\/en\/wp-json\/wp\/v2\/types\/page"}],"author":[{"embeddable":true,"href":"https:\/\/www.goztepesoroptimist.org\/en\/wp-json\/wp\/v2\/users\/1"}],"replies":[{"embeddable":true,"href":"https:\/\/www.goztepesoroptimist.org\/en\/wp-json\/wp\/v2\/comments?post=58"}],"version-history":[{"count":7,"href":"https:\/\/www.goztepesoroptimist.org\/en\/wp-json\/wp\/v2\/pages\/58\/revisions"}],"predecessor-version":[{"id":1349,"href":"https:\/\/www.goztepesoroptimist.org\/en\/wp-json\/wp\/v2\/pages\/58\/revisions\/1349"}],"wp:attachment":[{"href":"https:\/\/www.goztepesoroptimist.org\/en\/wp-json\/wp\/v2\/media?parent=58"}],"curies":[{"name":"wp","href":"https:\/\/api.w.org\/{rel}","templated":true}]}}