{"id":80,"date":"2016-03-24T19:44:20","date_gmt":"2016-03-24T17:44:20","guid":{"rendered":"https:\/\/www.goztepesoroptimist.org\/en\/?page_id=80"},"modified":"2022-04-15T14:42:57","modified_gmt":"2022-04-15T11:42:57","slug":"history","status":"publish","type":"page","link":"https:\/\/www.goztepesoroptimist.org\/en\/history","title":{"rendered":"History"},"content":{"rendered":"<p><strong>G\u00d6ZTEPE SOROPT\u0130M\u0130ST CLUB<\/strong><\/p>\n<p><span id=\"result_box\" class=\"short_text\" lang=\"en\" tabindex=\"-1\">Founding President<\/span>: Ahsen \u00d6nder<\/p>\n<p>Established on October 23, 1976<\/p>\n<p><strong><span id=\"result_box\" class=\"short_text\" lang=\"en\" tabindex=\"-1\">Founding Members<\/span><\/strong><\/p>\n<table>\n<tbody>\n<tr>\n<td width=\"173\">NAME &#8211; SURNAME<\/td>\n<td width=\"54\"><\/td>\n<td width=\"147\">OCCUPATION<\/td>\n<td width=\"220\"><\/td>\n<\/tr>\n<tr>\n<td width=\"173\">Ayten Anda\u00e7<\/td>\n<td width=\"54\"><\/td>\n<td width=\"147\">Architect<\/td>\n<td width=\"220\"><\/td>\n<\/tr>\n<tr>\n<td width=\"173\">Ayten \u00d6zbey<\/td>\n<td width=\"54\"><\/td>\n<td width=\"147\">Dressmaker<\/td>\n<td width=\"220\"><\/td>\n<\/tr>\n<tr>\n<td width=\"173\">T\u00fclin Ayberk<\/td>\n<td width=\"54\"><\/td>\n<td width=\"147\">Secretary<\/td>\n<td width=\"220\"><\/td>\n<\/tr>\n<tr>\n<td width=\"173\">T\u00fclin Aysan<\/td>\n<td width=\"54\"><\/td>\n<td width=\"147\">M.D.<\/td>\n<td width=\"220\"><\/td>\n<\/tr>\n<tr>\n<td width=\"173\">Asuman Do\u011fangir<\/td>\n<td width=\"54\"><\/td>\n<td width=\"147\">Bank Manager<\/td>\n<td width=\"220\"><\/td>\n<\/tr>\n<tr>\n<td width=\"173\">Berrin Er\u00f6z<\/td>\n<td width=\"54\"><\/td>\n<td width=\"147\">Librarian<\/td>\n<td width=\"220\"><\/td>\n<\/tr>\n<tr>\n<td width=\"173\">S\u00fcreyya Eskiizmirliler<\/td>\n<td width=\"54\"><\/td>\n<td width=\"147\">French Teacher<\/td>\n<td width=\"220\"><\/td>\n<\/tr>\n<tr>\n<td width=\"173\">K\u0131smet G\u00fcrsel<\/td>\n<td width=\"54\"><\/td>\n<td width=\"147\">Civil Engineer<\/td>\n<td width=\"220\"><\/td>\n<\/tr>\n<tr>\n<td width=\"173\">Berg\u00fcn Karde\u015f<\/td>\n<td width=\"54\"><\/td>\n<td width=\"147\">Biology Teacher<\/td>\n<td width=\"220\"><\/td>\n<\/tr>\n<tr>\n<td width=\"173\">Zuhal K\u0131r\u00e7ak<\/td>\n<td width=\"54\"><\/td>\n<td width=\"147\">Chemical Engineer<\/td>\n<td width=\"220\"><\/td>\n<\/tr>\n<tr>\n<td width=\"173\">Melike K\u0131z\u0131lpar<\/td>\n<td width=\"54\"><\/td>\n<td width=\"147\">Lawyer<\/td>\n<td width=\"220\"><\/td>\n<\/tr>\n<tr>\n<td width=\"173\">Sibel Ki\u015fmir<\/td>\n<td width=\"54\"><\/td>\n<td width=\"147\">Agricultural Engineer<\/td>\n<td width=\"220\"><\/td>\n<\/tr>\n<tr>\n<td width=\"173\">Emine Nalbantgil<\/td>\n<td width=\"54\"><\/td>\n<td width=\"147\">M.D.Anesthesiologist<\/td>\n<td width=\"220\"><\/td>\n<\/tr>\n<tr>\n<td width=\"173\">Ahsen \u00d6nder<\/td>\n<td width=\"54\"><\/td>\n<td width=\"147\">Pharmacist<\/td>\n<td width=\"220\"><\/td>\n<\/tr>\n<tr>\n<td width=\"173\">Necmiye \u00d6z\u00e7ay\u0131r<\/td>\n<td width=\"54\"><\/td>\n<td width=\"147\">Elementary School Headmaster<\/td>\n<td width=\"220\"><\/td>\n<\/tr>\n<tr>\n<td width=\"173\">Sevil Saltuk<\/td>\n<td width=\"54\"><\/td>\n<td width=\"147\">M.D.Pediatrician<\/td>\n<td width=\"220\"><\/td>\n<\/tr>\n<tr>\n<td width=\"173\">Oya Simsaro\u011flu<\/td>\n<td width=\"54\"><\/td>\n<td width=\"147\">Geography Teacher<\/td>\n<td width=\"220\"><\/td>\n<\/tr>\n<tr>\n<td width=\"173\">Melek \u015earda\u011f<\/td>\n<td width=\"54\"><\/td>\n<td width=\"147\">Paintress<\/td>\n<td width=\"220\"><\/td>\n<\/tr>\n<tr>\n<td width=\"173\">Alanur Tatari<\/td>\n<td width=\"54\"><\/td>\n<td width=\"147\">Translator<\/td>\n<td width=\"220\"><\/td>\n<\/tr>\n<\/tbody>\n<\/table>\n<h2><span id=\"result_box\" class=\"short_text\" lang=\"en\" tabindex=\"-1\"><strong>Founding Members who are still members of the Club:<\/strong><\/span><\/h2>\n<ul>\n<li>Berg\u00fcn Karde\u015f<\/li>\n<li>Ayten Anda\u00e7 Teki\u015falp<\/li>\n<li>Melike K\u0131z\u0131lpar<\/li>\n<li>Emine Nalbantgil<\/li>\n<li>Ahsen \u00d6nder<\/li>\n<\/ul>\n","protected":false},"excerpt":{"rendered":"<p>G\u00d6ZTEPE SOROPT\u0130M\u0130ST CLUB Founding President: Ahsen \u00d6nder Established on October 23, 1976 Founding Members NAME &#8211; SURNAME OCCUPATION Ayten Anda\u00e7 Architect Ayten \u00d6zbey Dressmaker T\u00fclin Ayberk Secretary T\u00fclin Aysan M.D. Asuman Do\u011fangir Bank Manager Berrin Er\u00f6z Librarian S\u00fcreyya Eskiizmirliler French Teacher K\u0131smet G\u00fcrsel Civil Engineer Berg\u00fcn Karde\u015f Biology Teacher Zuhal K\u0131r\u00e7ak Chemical Engineer Melike K\u0131z\u0131lpar [&hellip;]<\/p>\n","protected":false},"author":1,"featured_media":0,"parent":0,"menu_order":0,"comment_status":"closed","ping_status":"closed","template":"","meta":{"footnotes":""},"aioseo_notices":[],"_links":{"self":[{"href":"https:\/\/www.goztepesoroptimist.org\/en\/wp-json\/wp\/v2\/pages\/80"}],"collection":[{"href":"https:\/\/www.goztepesoroptimist.org\/en\/wp-json\/wp\/v2\/pages"}],"about":[{"href":"https:\/\/www.goztepesoroptimist.org\/en\/wp-json\/wp\/v2\/types\/page"}],"author":[{"embeddable":true,"href":"https:\/\/www.goztepesoroptimist.org\/en\/wp-json\/wp\/v2\/users\/1"}],"replies":[{"embeddable":true,"href":"https:\/\/www.goztepesoroptimist.org\/en\/wp-json\/wp\/v2\/comments?post=80"}],"version-history":[{"count":25,"href":"https:\/\/www.goztepesoroptimist.org\/en\/wp-json\/wp\/v2\/pages\/80\/revisions"}],"predecessor-version":[{"id":1261,"href":"https:\/\/www.goztepesoroptimist.org\/en\/wp-json\/wp\/v2\/pages\/80\/revisions\/1261"}],"wp:attachment":[{"href":"https:\/\/www.goztepesoroptimist.org\/en\/wp-json\/wp\/v2\/media?parent=80"}],"curies":[{"name":"wp","href":"https:\/\/api.w.org\/{rel}","templated":true}]}}