{"id":82,"date":"2016-03-24T19:44:32","date_gmt":"2016-03-24T17:44:32","guid":{"rendered":"https:\/\/www.goztepesoroptimist.org\/en\/?page_id=82"},"modified":"2025-02-26T22:00:34","modified_gmt":"2025-02-26T19:00:34","slug":"membership","status":"publish","type":"page","link":"https:\/\/www.goztepesoroptimist.org\/en\/membership","title":{"rendered":"Members"},"content":{"rendered":"<table style=\"height: 399px;\" width=\"542\">\n<tbody>\n<tr style=\"height: 25px;\">\n<td style=\"width: 150px; height: 25px;\">Ahsen \u00d6nder<\/td>\n<td style=\"width: 383px; height: 25px;\">Pharmacist &#8211; Retired<\/td>\n<\/tr>\n<tr style=\"height: 25px;\">\n<td style=\"width: 150px; height: 25px;\">Ayla Co\u015fkun<\/td>\n<td style=\"width: 383px; height: 25px;\">Business Woman<\/td>\n<\/tr>\n<tr style=\"height: 25px;\">\n<td style=\"width: 150px; height: 25px;\">Ay\u015fe Baykan<\/td>\n<td style=\"width: 383px; height: 25px;\">Tourism \u2013 Professional Tourism Guide<\/td>\n<\/tr>\n<tr style=\"height: 25px;\">\n<td style=\"width: 150px; height: 25px;\">Ay\u015feg\u00fcl K\u0131\u015flal<\/td>\n<td style=\"width: 383px; height: 25px;\">Economist<\/td>\n<\/tr>\n<tr style=\"height: 25px;\">\n<td style=\"width: 150px; height: 25px;\">Aysu Benlio\u011flu<\/td>\n<td style=\"width: 383px; height: 25px;\">Chemical Engineer, Business Woman, Business Owner<\/td>\n<\/tr>\n<tr style=\"height: 25px;\">\n<td style=\"width: 150px; height: 25px;\">Ayten Teki\u015falp<\/td>\n<td style=\"width: 383px; height: 25px;\">Architect &#8211; Retired<\/td>\n<\/tr>\n<tr style=\"height: 25px;\">\n<td style=\"width: 150px; height: 25px;\">Beg\u00fcm Hunt\u00fcrk<\/td>\n<td style=\"width: 383px; height: 25px;\">Lawyer<\/td>\n<\/tr>\n<tr style=\"height: 25px;\">\n<td style=\"width: 150px; height: 25px;\">Benal \u0130nceer<\/td>\n<td style=\"width: 383px; height: 25px;\">Clinical Psychologist \u2013 Retired, Professor<\/td>\n<\/tr>\n<tr style=\"height: 25px;\">\n<td style=\"width: 150px; height: 25px;\">Berg\u00fcn Karde\u015f<\/td>\n<td style=\"width: 383px; height: 25px;\">Biology Teacher &#8211; Retired<\/td>\n<\/tr>\n<tr style=\"height: 25px;\">\n<td style=\"width: 150px; height: 25px;\">Biltan Ers\u00f6z<\/td>\n<td style=\"width: 383px; height: 25px;\">M.D. BioChemistry \u2013 Retired, \u00a0Professor<\/td>\n<\/tr>\n<tr style=\"height: 25px;\">\n<td style=\"width: 150px; height: 25px;\">Buket Karadeveci<\/td>\n<td style=\"width: 383px; height: 25px;\">Tourism \u2013 Business Owner, Travel Agent<\/td>\n<\/tr>\n<tr style=\"height: 45px;\">\n<td style=\"width: 150px; height: 45px;\">Demet Kumova<\/td>\n<td style=\"width: 383px; height: 45px;\">M.D. BioChemistry, Business Owner, Medical Laboratory- Retired<\/td>\n<\/tr>\n<tr style=\"height: 25px;\">\n<td style=\"width: 150px; height: 25px;\">Duygu Yurtseven<\/td>\n<td style=\"width: 383px; height: 25px;\">Textile Engineer &#8211; Retired<\/td>\n<\/tr>\n<tr style=\"height: 25px;\">\n<td style=\"width: 150px; height: 25px;\">Emine Nalbantgil<\/td>\n<td style=\"width: 383px; height: 25px;\">M.D. Anesthesiologist &#8211; Retired<\/td>\n<\/tr>\n<tr style=\"height: 25px;\">\n<td style=\"width: 150px; height: 25px;\">Fatma Boya<\/td>\n<td style=\"width: 383px; height: 25px;\">Phd. Public Health Specialist<\/td>\n<\/tr>\n<tr style=\"height: 25px;\">\n<td style=\"width: 150px; height: 25px;\">Figen \u00d6zdem<\/td>\n<td style=\"width: 383px; height: 25px;\">Economist \u2013 Retired<\/td>\n<\/tr>\n<tr style=\"height: 25px;\">\n<td style=\"width: 150px; height: 25px;\">G\u00fcl G\u00fcrses<\/td>\n<td style=\"width: 383px; height: 25px;\">Accountant<\/td>\n<\/tr>\n<tr style=\"height: 25px;\">\n<td style=\"width: 150px; height: 25px;\">G\u00fclnur Vural<\/td>\n<td style=\"width: 383px; height: 25px;\">Business Woman \u2013 Business Owner, Construction<\/td>\n<\/tr>\n<tr style=\"height: 25px;\">\n<td style=\"width: 150px; height: 25px;\">G\u00fcne\u015f Aky\u0131ld\u0131z<\/td>\n<td style=\"width: 383px; height: 25px;\">Economist \u2013 Retired<\/td>\n<\/tr>\n<tr style=\"height: 25px;\">\n<td style=\"width: 150px; height: 25px;\">\u0130nci Menemencio\u011flu<\/td>\n<td style=\"width: 383px; height: 25px;\">Lawyer<\/td>\n<\/tr>\n<tr style=\"height: 25px;\">\n<td style=\"width: 150px; height: 25px;\">K\u0131van\u00e7 Kestelli<\/td>\n<td style=\"width: 383px; height: 25px;\">Physical Education Teacher<\/td>\n<\/tr>\n<tr style=\"height: 45px;\">\n<td style=\"width: 150px; height: 45px;\">Lale Ersin<\/td>\n<td style=\"width: 383px; height: 45px;\">Business Administration, Human Recourses Specialist &#8211; Retired<\/td>\n<\/tr>\n<tr style=\"height: 25px;\">\n<td style=\"width: 150px; height: 25px;\">Merve \u00c7elebi<\/td>\n<td style=\"width: 383px; height: 25px;\">Architect, Interior Design<\/td>\n<\/tr>\n<tr style=\"height: 25px;\">\n<td style=\"width: 150px; height: 25px;\">Mualla Cem<\/td>\n<td style=\"width: 383px; height: 25px;\">Housewife<\/td>\n<\/tr>\n<tr style=\"height: 45px;\">\n<td style=\"width: 150px; height: 45px;\">Muhayyel \u0130zmiro\u011flu<\/td>\n<td style=\"width: 383px; height: 45px;\">Business Woman &#8211; Foreign Trade &#8211; Retired<\/td>\n<\/tr>\n<tr style=\"height: 45px;\">\n<td style=\"width: 150px; height: 45px;\">M\u00fcnire Kiremit\u00e7io\u011flu<\/td>\n<td style=\"width: 383px; height: 45px;\">Captain &#8211; Yachts<\/td>\n<\/tr>\n<tr style=\"height: 45px;\">\n<td style=\"width: 150px; height: 45px;\">Nazan Ped\u00fck\u00e7o\u015fkun<\/td>\n<td style=\"width: 383px; height: 45px;\">M.D. Aesthetic Surgeon<\/td>\n<\/tr>\n<tr style=\"height: 25px;\">\n<td style=\"width: 150px; height: 25px;\">Nazl\u0131 Yola\u00e7<\/td>\n<td style=\"width: 383px; height: 25px;\">Lawyer<\/td>\n<\/tr>\n<tr style=\"height: 25px;\">\n<td style=\"width: 150px; height: 25px;\">Nihal Akg\u00fcnl\u00fc<\/td>\n<td style=\"width: 383px; height: 25px;\">Pharmacist &#8211; Retired<\/td>\n<\/tr>\n<tr style=\"height: 45px;\">\n<td style=\"width: 150px; height: 45px;\">N\u00fckhet \u0130zmiro\u011flu<\/td>\n<td style=\"width: 383px; height: 45px;\">Business Woman &#8211; Business Owner, Printing and Publication<\/td>\n<\/tr>\n<tr>\n<td style=\"width: 150px;\">\u00d6zge Erdo\u011fan<\/td>\n<td style=\"width: 383px;\">Lawyer<\/td>\n<\/tr>\n<tr style=\"height: 25px;\">\n<td style=\"width: 150px; height: 25px;\">\u00d6zge Y\u0131lmaz<\/td>\n<td style=\"width: 383px; height: 25px;\">M.D.\u00a0Pediatrician<\/td>\n<\/tr>\n<tr style=\"height: 25px;\">\n<td style=\"width: 150px; height: 25px;\">P\u0131nar U\u00e7kun<\/td>\n<td style=\"width: 383px; height: 25px;\">Lawyer<\/td>\n<\/tr>\n<tr style=\"height: 25px;\">\n<td style=\"width: 150px; height: 25px;\">Seher Sever<\/td>\n<td style=\"width: 383px; height: 25px;\">Economist \u2013 Retired<\/td>\n<\/tr>\n<tr style=\"height: 45px;\">\n<td style=\"width: 150px; height: 45px;\">\u015eerife Eren<\/td>\n<td style=\"width: 383px; height: 45px;\">Business Woman &#8211; Business Owner, Automotive Industry<\/td>\n<\/tr>\n<tr style=\"height: 25px;\">\n<td style=\"width: 150px; height: 25px;\">Sevgi Fidan<\/td>\n<td style=\"width: 383px; height: 25px;\">Architect &#8211; Retired<\/td>\n<\/tr>\n<tr style=\"height: 25px;\">\n<td style=\"width: 150px; height: 25px;\">Seval Yarkan<\/td>\n<td style=\"width: 383px; height: 25px;\">Economist \u2013 Retired<\/td>\n<\/tr>\n<tr style=\"height: 25px;\">\n<td style=\"width: 150px; height: 25px;\">\u00dclken \u0130nan<\/td>\n<td style=\"width: 383px; height: 25px;\">Consulate Employee \u2013 Retired<\/td>\n<\/tr>\n<tr style=\"height: 25px;\">\n<td style=\"width: 150px; height: 25px;\">\u00dcmran \u00d6zer<\/td>\n<td style=\"width: 383px; height: 25px;\">M.D. Gynocologist<\/td>\n<\/tr>\n<tr style=\"height: 25px;\">\n<td style=\"width: 150px; height: 25px;\">Zeynep Edes<\/td>\n<td style=\"width: 383px; height: 25px;\">Architect, Interior Design<\/td>\n<\/tr>\n<tr style=\"height: 45px;\">\n<td style=\"width: 150px; height: 45px;\">Zeynep Y\u0131ld\u0131z Belger<\/td>\n<td style=\"width: 383px; height: 45px;\">Business Women, Business Owner,\u00a0 Retired<\/td>\n<\/tr>\n<\/tbody>\n<\/table>\n<h2>HONORARY MEMBERS<\/h2>\n<table style=\"height: 153px;\" width=\"540\">\n<tbody>\n<tr>\n<td>Semra Baykal<\/td>\n<td>Pharmacist, Retired<\/td>\n<\/tr>\n<tr>\n<td>Melike K\u0131z\u0131lpar<\/td>\n<td>Lawyer, Retired<\/td>\n<\/tr>\n<\/tbody>\n<\/table>\n<p>&nbsp;<\/p>\n","protected":false},"excerpt":{"rendered":"<p>Ahsen \u00d6nder Pharmacist &#8211; Retired Ayla Co\u015fkun Business Woman Ay\u015fe Baykan Tourism \u2013 Professional Tourism Guide Ay\u015feg\u00fcl K\u0131\u015flal Economist Aysu Benlio\u011flu Chemical Engineer, Business Woman, Business Owner Ayten Teki\u015falp Architect &#8211; Retired Beg\u00fcm Hunt\u00fcrk Lawyer Benal \u0130nceer Clinical Psychologist \u2013 Retired, Professor Berg\u00fcn Karde\u015f Biology Teacher &#8211; Retired Biltan Ers\u00f6z M.D. BioChemistry \u2013 Retired, \u00a0Professor [&hellip;]<\/p>\n","protected":false},"author":1,"featured_media":0,"parent":0,"menu_order":0,"comment_status":"closed","ping_status":"closed","template":"","meta":{"footnotes":""},"aioseo_notices":[],"_links":{"self":[{"href":"https:\/\/www.goztepesoroptimist.org\/en\/wp-json\/wp\/v2\/pages\/82"}],"collection":[{"href":"https:\/\/www.goztepesoroptimist.org\/en\/wp-json\/wp\/v2\/pages"}],"about":[{"href":"https:\/\/www.goztepesoroptimist.org\/en\/wp-json\/wp\/v2\/types\/page"}],"author":[{"embeddable":true,"href":"https:\/\/www.goztepesoroptimist.org\/en\/wp-json\/wp\/v2\/users\/1"}],"replies":[{"embeddable":true,"href":"https:\/\/www.goztepesoroptimist.org\/en\/wp-json\/wp\/v2\/comments?post=82"}],"version-history":[{"count":27,"href":"https:\/\/www.goztepesoroptimist.org\/en\/wp-json\/wp\/v2\/pages\/82\/revisions"}],"predecessor-version":[{"id":1474,"href":"https:\/\/www.goztepesoroptimist.org\/en\/wp-json\/wp\/v2\/pages\/82\/revisions\/1474"}],"wp:attachment":[{"href":"https:\/\/www.goztepesoroptimist.org\/en\/wp-json\/wp\/v2\/media?parent=82"}],"curies":[{"name":"wp","href":"https:\/\/api.w.org\/{rel}","templated":true}]}}