{"id":86,"date":"2016-03-24T19:45:14","date_gmt":"2016-03-24T17:45:14","guid":{"rendered":"https:\/\/www.goztepesoroptimist.org\/en\/?page_id=86"},"modified":"2023-05-05T20:57:32","modified_gmt":"2023-05-05T17:57:32","slug":"evimiz","status":"publish","type":"page","link":"https:\/\/www.goztepesoroptimist.org\/en\/evimiz","title":{"rendered":"Our House (EV\u0130M\u0130Z)"},"content":{"rendered":"<p>G\u00f6ztepe Soroptimist Club is one of the shareholders of\u00a0 \u201c<span style=\"font-family: \"Helvetica Neue\", \"Segoe UI\", Helvetica, Arial, \"Lucida Grande\", sans-serif; font-size: medium;\">OUR HOUSE<\/span>\u201d Project initiated by the sponsors and volunteers of \u201cG\u00fcndo\u011fdu Contemporary Community Volunteers Association\u201c (G\u00fcndo\u011fdu \u00c7a\u011fda\u015f Toplum G\u00f6n\u00fcll\u00fcleri Derne\u011fi).<\/p>\n<p>The project aims at realizing the following objectives:<\/p>\n<ul>\n<li>Integration and adaptation of Eastern Anatolian migrant families in to the contemporary metropolitan life<\/li>\n<li>Providing various kinds of assistance for the education of their children<\/li>\n<li>Facilitating the improvement of the status of the mothers within their families and the community<\/li>\n<li>Training the new generation as \u201cwell educated\u201d, \u201cgood citizens\u201d who have an appreciation for arts, good taste, good manners and who value education<\/li>\n<li>Opening and maintaining as many \u201chomes\u201d as possible in neighborhoods where such service is needed<\/li>\n<li>Encouraging other NGO&#8221;s to do the same, by way of setting a model.<\/li>\n<\/ul>\n<p>The number of \u201chomes\u201d continues to increase and has now added to seven.<\/p>\n<p>G\u00f6ztepe Soroptimist Club arranges for educational presentations delivered by its professional members on various recent topics, issues which require awareness and personal action such as \u201cConflict Resolution in the Family\u201d, \u201cThe Dangers of Obesity\u201d and many more.<\/p>\n<p>During the winter holidays children in all \u201chomes\u201d were entertained by films musicals and cartoons.\u00a0Trips were organized to architectural and various other sites of the city for the adults and children.<\/p>\n<p>Through this project we touch the lives of many people.-200 children, their mothers and fathers, their siblings, relatives and neighbors\u2026 That roughly adds up to 1000 people.<\/p>\n<p>Most of the mothers started to work as a sign of an improvement of their status which is one of the goals of the project that has achieved its purpose. Absence of mothers and Covid-19, which spread throughout the country, disrupted the works at homes. The long duration of pandemic and the severe economic conditions yielded to the closure of some houses. Currently, service is provided in five houses in \u00c7e\u015fmealt\u0131, Urla, Nald\u00f6ken, Karaba\u011flar, Gediz (Buca) districts. On-line education is given to the children of the non existing houses meanwhile relations are maintained by organizing trips and by carrying them to activities such as theater, concerts and exhibitions.<\/p>\n<p>A new application has started in the project. A group was formed with young adults who are educated in these houses years ago. Some of them graduated from the university and started to work while some of them got married. Some of them from this young group contribute to the education of the students at houses.<\/p>\n","protected":false},"excerpt":{"rendered":"<p>G\u00f6ztepe Soroptimist Club is one of the shareholders of\u00a0 \u201cOUR HOUSE\u201d Project initiated by the sponsors and volunteers of \u201cG\u00fcndo\u011fdu Contemporary Community Volunteers Association\u201c (G\u00fcndo\u011fdu \u00c7a\u011fda\u015f Toplum G\u00f6n\u00fcll\u00fcleri Derne\u011fi). The project aims at realizing the following objectives: Integration and adaptation of Eastern Anatolian migrant families in to the contemporary metropolitan life Providing various kinds of [&hellip;]<\/p>\n","protected":false},"author":1,"featured_media":0,"parent":0,"menu_order":0,"comment_status":"closed","ping_status":"closed","template":"","meta":{"footnotes":""},"aioseo_notices":[],"_links":{"self":[{"href":"https:\/\/www.goztepesoroptimist.org\/en\/wp-json\/wp\/v2\/pages\/86"}],"collection":[{"href":"https:\/\/www.goztepesoroptimist.org\/en\/wp-json\/wp\/v2\/pages"}],"about":[{"href":"https:\/\/www.goztepesoroptimist.org\/en\/wp-json\/wp\/v2\/types\/page"}],"author":[{"embeddable":true,"href":"https:\/\/www.goztepesoroptimist.org\/en\/wp-json\/wp\/v2\/users\/1"}],"replies":[{"embeddable":true,"href":"https:\/\/www.goztepesoroptimist.org\/en\/wp-json\/wp\/v2\/comments?post=86"}],"version-history":[{"count":11,"href":"https:\/\/www.goztepesoroptimist.org\/en\/wp-json\/wp\/v2\/pages\/86\/revisions"}],"predecessor-version":[{"id":1351,"href":"https:\/\/www.goztepesoroptimist.org\/en\/wp-json\/wp\/v2\/pages\/86\/revisions\/1351"}],"wp:attachment":[{"href":"https:\/\/www.goztepesoroptimist.org\/en\/wp-json\/wp\/v2\/media?parent=86"}],"curies":[{"name":"wp","href":"https:\/\/api.w.org\/{rel}","templated":true}]}}