{"id":970,"date":"2018-12-28T12:25:53","date_gmt":"2018-12-28T10:25:53","guid":{"rendered":"https:\/\/www.goztepesoroptimist.org\/en\/?page_id=970"},"modified":"2019-05-17T23:48:46","modified_gmt":"2019-05-17T20:48:46","slug":"2017-2019-period","status":"publish","type":"page","link":"https:\/\/www.goztepesoroptimist.org\/en\/2017-2019-period","title":{"rendered":"2017 &#8211; 2019 Period"},"content":{"rendered":"<p><strong>SEWING &#8211; FOLKLOR ATTIRES<\/strong>\u00a0(Within the scope of \u201cOur House\u201d project)<\/p>\n<p>As the cost of the folklore attires on sale or rent in the relevant shops \u00a0were expensive, the mothers of the Mevlana House preferred to sew such outfits themselves. G\u00f6ztepe Club members coached the mothers on how to sew shalwar based on the models and stencils obtained from professional tailors and also provided the required fabrics and other supplies. The sewing sessions were conducted once-a- week for three hours as of January 20, 2018. Outfits created for 15 children were ready-to-wear by March 30, 2018. The actual cost of the outfits were much lower than at the shops and they were registered under the assets of the Mevlana House for recurrent folklore activities. The project continued for next year as the club members\u00a0 coached mothers this time for sewing bolero and head dress.<\/p>\n<p><strong>KNITTING &#8211; HAND BAGS <\/strong>(Within the scope of &#8220;Our House&#8221; project)<\/p>\n<p>Women of the E\u015frefpa\u015fa House participated in this knitting course initiated on January 1, 2017. The objective of this activity was to enable women to acquire and implement a skilled handcraft that would provide them with the opportunity to earn an income.\u00a0 Required materials were purchased by G\u00f6ztepe Club and the training courses were conducted by the Club member Emine Nalbantgil, lasting for a period of three months, two days-three hours per week. 10 women participated in the course which was completed on February 28, 2018. The handbags created thus, were put on sale at our \u201carts and crafts exhibition and sales\u201d activity. The money raised were paid to the women who took part in the training.<\/p>\n<p><strong>BOOK CLUB <\/strong>(Within the scope of &#8220;Our House&#8221; project)<\/p>\n<p>14 children attended the \u201cBook Club\u201d sessions conducted at E\u015frefpa\u015fa House. The Project initiated on September 10, 2017 and ended on June 10, 2018. The objective of the Project was to nurture the habit and the practice of reading and to cultivate and affinity and fondness for books. The books read together were distributed to the partaking children in order to encourage them to initiate a personal library at home. Also for this purpose G\u00f6ztepe Club member Associate Prof. M.D. \u00d6zge Y\u0131lmaz, the leader of the Book Club, brought books along to the meetings scheduled every Saturday and distributed the books as presents to the children. Discussions on the books read together were realized on the following Saturday(s).<\/p>\n<p>Furthermore, trips were organized for the children to visit libraries at different times. During such visits children were briefed about \u201cHow to Behave in Public Libraries\u201d. This is an ongoing project repeating in each school year.<\/p>\n<p>The project with the leadership of the same member, Prof.Dr. \u00d6zge Y\u0131lmaz continued for the 2018-2019 school year with the participation of 10 children.   <\/p>\n<p><strong>ACADEMY FOR WOMEN &#038; GIRLS \u2013 COURSE OF EFFECTIVE COMMUNICATION <\/strong><\/p>\n<p>During 2017-2019 period as an ongoing project, fortnightly courses practiced by G\u00f6ztepe Club member Prof.Dr. Benal Inceer have initaited for women to achieve effective communication habits to express themselves precisely in the family as well as in society.The group is oriented by teaching methods to avoid skirmish and violence in family life and society in general.<\/p>\n","protected":false},"excerpt":{"rendered":"<p>SEWING &#8211; FOLKLOR ATTIRES\u00a0(Within the scope of \u201cOur House\u201d project) As the cost of the folklore attires on sale or rent in the relevant shops \u00a0were expensive, the mothers of the Mevlana House preferred to sew such outfits themselves. G\u00f6ztepe Club members coached the mothers on how to sew shalwar based on the models and [&hellip;]<\/p>\n","protected":false},"author":2,"featured_media":0,"parent":0,"menu_order":0,"comment_status":"closed","ping_status":"closed","template":"","meta":{"footnotes":""},"aioseo_notices":[],"_links":{"self":[{"href":"https:\/\/www.goztepesoroptimist.org\/en\/wp-json\/wp\/v2\/pages\/970"}],"collection":[{"href":"https:\/\/www.goztepesoroptimist.org\/en\/wp-json\/wp\/v2\/pages"}],"about":[{"href":"https:\/\/www.goztepesoroptimist.org\/en\/wp-json\/wp\/v2\/types\/page"}],"author":[{"embeddable":true,"href":"https:\/\/www.goztepesoroptimist.org\/en\/wp-json\/wp\/v2\/users\/2"}],"replies":[{"embeddable":true,"href":"https:\/\/www.goztepesoroptimist.org\/en\/wp-json\/wp\/v2\/comments?post=970"}],"version-history":[{"count":19,"href":"https:\/\/www.goztepesoroptimist.org\/en\/wp-json\/wp\/v2\/pages\/970\/revisions"}],"predecessor-version":[{"id":1070,"href":"https:\/\/www.goztepesoroptimist.org\/en\/wp-json\/wp\/v2\/pages\/970\/revisions\/1070"}],"wp:attachment":[{"href":"https:\/\/www.goztepesoroptimist.org\/en\/wp-json\/wp\/v2\/media?parent=970"}],"curies":[{"name":"wp","href":"https:\/\/api.w.org\/{rel}","templated":true}]}}